{"id":121,"date":"2024-10-20T12:30:34","date_gmt":"2024-10-20T12:30:34","guid":{"rendered":"http:\/\/192.168.0.134:10012\/?page_id=121"},"modified":"2025-05-27T07:49:11","modified_gmt":"2025-05-27T05:49:11","slug":"project","status":"publish","type":"page","link":"https:\/\/www.ancaetancheite.fr\/index.php\/project\/","title":{"rendered":"Nos r\u00e9alisation"},"content":{"rendered":"\t\t<div data-elementor-type=\"wp-page\" data-elementor-id=\"121\" class=\"elementor elementor-121\">\n\t\t\t\t<div class=\"no-position  elementor-element elementor-element-cf771b5 e-flex e-con-boxed e-con e-parent\" data-id=\"cf771b5\" data-element_type=\"container\" data-settings=\"{&quot;background_background&quot;:&quot;classic&quot;}\">\n\t\t\t\t\t<div class=\"e-con-inner\">\n\t\t\t\t<div class=\"elementor-element elementor-element-9246269 gsap-move-no elementor-widget elementor-widget-page-title\" data-id=\"9246269\" data-element_type=\"widget\" data-settings=\"{&quot;align&quot;:&quot;center&quot;}\" data-widget_type=\"page-title.default\">\n\t\t\t\t<div class=\"elementor-widget-container\">\n\t\t\t\t\t\t\t\n\t\t<div class=\"hfe-page-title hfe-page-title-wrapper elementor-widget-heading\">\n\t\t\t\n\t\t\t<h1 class=\"elementor-heading-title elementor-size\">\n\t\t\t\tNos r\u00e9alisation\t\t\t<\/h1 > \n\n\t\t\t\t\t\t\t\t<\/div>\n\t\t\t\t\t\t<\/div>\n\t\t\t\t<\/div>\n\t\t\t\t<div class=\"elementor-element elementor-element-6bc4d0d gsap-move-no elementor-widget elementor-widget-rs-breadcrumb\" data-id=\"6bc4d0d\" data-element_type=\"widget\" data-widget_type=\"rs-breadcrumb.default\">\n\t\t\t\t<div class=\"elementor-widget-container\">\n\t\t\t\t\t                    <div class=\"breadcrumb-area style2\"> \n                <div class=\"breadcrumbs-inner\"> \n                    <!-- Breadcrumb NavXT 7.4.1 -->\n<span property=\"itemListElement\" typeof=\"ListItem\"><a property=\"item\" typeof=\"WebPage\" title=\"Aller \u00e0 ANCA ETANCHEITE.\" href=\"https:\/\/www.ancaetancheite.fr\" class=\"home\" ><span property=\"name\">ANCA ETANCHEITE<\/span><\/a><meta property=\"position\" content=\"1\"><\/span> &gt; <span property=\"itemListElement\" typeof=\"ListItem\"><a property=\"item\" typeof=\"WebPage\" title=\"Aller \u00e0 Blog.\" href=\"https:\/\/www.ancaetancheite.fr\/index.php\/blog\/\" class=\"post-root post post-post\" aria-current=\"page\"><span property=\"name\">Blog<\/span><\/a><meta property=\"position\" content=\"2\"><\/span>                <\/div>\n            <\/div> \n          \n    \t\t\t\t<\/div>\n\t\t\t\t<\/div>\n\t\t\t\t\t<\/div>\n\t\t\t\t<\/div>\n\t\t<div class=\"no-position  elementor-element elementor-element-4109ee1 e-flex e-con-boxed e-con e-parent\" data-id=\"4109ee1\" data-element_type=\"container\">\n\t\t\t\t\t<div class=\"e-con-inner\">\n\t\t\t\t<div class=\"elementor-element elementor-element-705ecc9 gsap-move-no elementor-widget elementor-widget-rsportfolio\" data-id=\"705ecc9\" data-element_type=\"widget\" data-widget_type=\"rsportfolio.default\">\n\t\t\t\t<div class=\"elementor-widget-container\">\n\t\t\t\t\t\t\t<div class=\"rs-portfolios-grid rs-portfolio-style1 rsaddon_pro_box image-zoom-effect-enable glass-effect-no\">\n\t\t\t\t\t\t\t<div class=\"row\">\n\t\t\t\t\t\r\n\t\t<div class=\"col-lg-6 col-md-6 col-xs-1 grid-item col-sm-12\">\r\n\t\t\t<div class=\"portfolio-item content-overlay unique-705ecc9_4679\">\r\n\t\t\t\t\t\t\t\t\t<div class=\"portfolio-img\">\r\n\t\t\t\t\t<img fetchpriority=\"high\" decoding=\"async\" width=\"785\" height=\"475\" src=\"https:\/\/www.ancaetancheite.fr\/wp-content\/uploads\/2025\/01\/1.png\" class=\"attachment-conbuild_blog-single size-conbuild_blog-single\" alt=\"1\" srcset=\"https:\/\/www.ancaetancheite.fr\/wp-content\/uploads\/2025\/01\/1.png 785w, https:\/\/www.ancaetancheite.fr\/wp-content\/uploads\/2025\/01\/1-300x182.png 300w, https:\/\/www.ancaetancheite.fr\/wp-content\/uploads\/2025\/01\/1-768x465.png 768w\" sizes=\"(max-width: 785px) 100vw, 785px\" \/>\t\t\t\t\t\t\t\t\t\t<div class=\"portfolio-link\">\r\n\t\t\t\t\t\t<a href=\"https:\/\/www.ancaetancheite.fr\/index.php\/portfolios\/etancheite-2\/\">\r\n\t\t\t\t\t\t\t<svg width=\"20\" height=\"20\" viewBox=\"0 0 20 20\" fill=\"none\" xmlns=\"http:\/\/www.w3.org\/2000\/svg\">\r\n\t\t\t\t\t\t\t\t<path d=\"M10 1L10 19M19 10.75L1 10.75\" stroke=\"white\" stroke-width=\"2\" stroke-linecap=\"round\"\/>\r\n\t\t\t\t\t\t\t<\/svg>\r\n\t\t\t\t\t\t<\/a>\r\n\t\t\t\t\t<\/div>\r\n\t\t\t\t\t\t\t\t\t\t<div class=\"img-overlay\"><\/div>\r\n                <\/div>\r\n                \r\n                <div class=\"portfolio-details\">\r\n                \t<p class=\"p-category\"> <a href=\"https:\/\/www.ancaetancheite.fr\/index.php\/portfolios-category\/etancheite\/\" rel=\"tag\">Etanch\u00e9it\u00e9<\/a><\/p>\r\n            \t\t            \t        <h4 class=\"p-title\">\r\n            \t            <a href=\"https:\/\/www.ancaetancheite.fr\/index.php\/portfolios\/etancheite-2\/\">\r\n            \t                Etanch\u00e9it\u00e9            \t                            \t            <\/a>\r\n            \t        <\/h4>\r\n            \t                    <\/div>\r\n\t\t\t\t\t\t\t            <\/div>\r\n\t\t<\/div>\r\n\t\t\r\n\t\r\n\t\t<div class=\"col-lg-6 col-md-6 col-xs-1 grid-item col-sm-12\">\r\n\t\t\t<div class=\"portfolio-item content-overlay unique-705ecc9_4699\">\r\n\t\t\t\t\t\t\t\t\t<div class=\"portfolio-img\">\r\n\t\t\t\t\t<img decoding=\"async\" width=\"723\" height=\"510\" src=\"https:\/\/www.ancaetancheite.fr\/wp-content\/uploads\/2025\/01\/Design-sans-titre-10.png\" class=\"attachment-conbuild_blog-single size-conbuild_blog-single\" alt=\"Design sans titre (10)\" srcset=\"https:\/\/www.ancaetancheite.fr\/wp-content\/uploads\/2025\/01\/Design-sans-titre-10.png 723w, https:\/\/www.ancaetancheite.fr\/wp-content\/uploads\/2025\/01\/Design-sans-titre-10-300x212.png 300w\" sizes=\"(max-width: 723px) 100vw, 723px\" \/>\t\t\t\t\t\t\t\t\t\t<div class=\"portfolio-link\">\r\n\t\t\t\t\t\t<a href=\"https:\/\/www.ancaetancheite.fr\/index.php\/portfolios\/etancheite\/\">\r\n\t\t\t\t\t\t\t<svg width=\"20\" height=\"20\" viewBox=\"0 0 20 20\" fill=\"none\" xmlns=\"http:\/\/www.w3.org\/2000\/svg\">\r\n\t\t\t\t\t\t\t\t<path d=\"M10 1L10 19M19 10.75L1 10.75\" stroke=\"white\" stroke-width=\"2\" stroke-linecap=\"round\"\/>\r\n\t\t\t\t\t\t\t<\/svg>\r\n\t\t\t\t\t\t<\/a>\r\n\t\t\t\t\t<\/div>\r\n\t\t\t\t\t\t\t\t\t\t<div class=\"img-overlay\"><\/div>\r\n                <\/div>\r\n                \r\n                <div class=\"portfolio-details\">\r\n                \t<p class=\"p-category\"> <a href=\"https:\/\/www.ancaetancheite.fr\/index.php\/portfolios-category\/etancheite\/\" rel=\"tag\">Etanch\u00e9it\u00e9<\/a><\/p>\r\n            \t\t            \t        <h4 class=\"p-title\">\r\n            \t            <a href=\"https:\/\/www.ancaetancheite.fr\/index.php\/portfolios\/etancheite\/\">\r\n            \t                Etanch\u00e9it\u00e9            \t                            \t            <\/a>\r\n            \t        <\/h4>\r\n            \t                    <\/div>\r\n\t\t\t\t\t\t\t            <\/div>\r\n\t\t<\/div>\r\n\t\t\r\n\t\r\n\t\t<div class=\"col-lg-6 col-md-6 col-xs-1 grid-item col-sm-12\">\r\n\t\t\t<div class=\"portfolio-item content-overlay unique-705ecc9_5005\">\r\n\t\t\t\t\t\t\t\t\t<div class=\"portfolio-img\">\r\n\t\t\t\t\t<img decoding=\"async\" width=\"785\" height=\"475\" src=\"https:\/\/www.ancaetancheite.fr\/wp-content\/uploads\/2025\/01\/3.png\" class=\"attachment-conbuild_blog-single size-conbuild_blog-single\" alt=\"3\" srcset=\"https:\/\/www.ancaetancheite.fr\/wp-content\/uploads\/2025\/01\/3.png 785w, https:\/\/www.ancaetancheite.fr\/wp-content\/uploads\/2025\/01\/3-300x182.png 300w, https:\/\/www.ancaetancheite.fr\/wp-content\/uploads\/2025\/01\/3-768x465.png 768w\" sizes=\"(max-width: 785px) 100vw, 785px\" \/>\t\t\t\t\t\t\t\t\t\t<div class=\"portfolio-link\">\r\n\t\t\t\t\t\t<a href=\"https:\/\/www.ancaetancheite.fr\/index.php\/portfolios\/membrane-pvc\/\">\r\n\t\t\t\t\t\t\t<svg width=\"20\" height=\"20\" viewBox=\"0 0 20 20\" fill=\"none\" xmlns=\"http:\/\/www.w3.org\/2000\/svg\">\r\n\t\t\t\t\t\t\t\t<path d=\"M10 1L10 19M19 10.75L1 10.75\" stroke=\"white\" stroke-width=\"2\" stroke-linecap=\"round\"\/>\r\n\t\t\t\t\t\t\t<\/svg>\r\n\t\t\t\t\t\t<\/a>\r\n\t\t\t\t\t<\/div>\r\n\t\t\t\t\t\t\t\t\t\t<div class=\"img-overlay\"><\/div>\r\n                <\/div>\r\n                \r\n                <div class=\"portfolio-details\">\r\n                \t<p class=\"p-category\"> <a href=\"https:\/\/www.ancaetancheite.fr\/index.php\/portfolios-category\/membrane-pvc\/\" rel=\"tag\">Membrane PVC<\/a><\/p>\r\n            \t\t            \t        <h4 class=\"p-title\">\r\n            \t            <a href=\"https:\/\/www.ancaetancheite.fr\/index.php\/portfolios\/membrane-pvc\/\">\r\n            \t                Membrane PVC            \t                            \t            <\/a>\r\n            \t        <\/h4>\r\n            \t                    <\/div>\r\n\t\t\t\t\t\t\t            <\/div>\r\n\t\t<\/div>\r\n\t\t\r\n\t\r\n\t\t<div class=\"col-lg-6 col-md-6 col-xs-1 grid-item col-sm-12\">\r\n\t\t\t<div class=\"portfolio-item content-overlay unique-705ecc9_4668\">\r\n\t\t\t\t\t\t\t\t\t<div class=\"portfolio-img\">\r\n\t\t\t\t\t<img loading=\"lazy\" decoding=\"async\" width=\"785\" height=\"475\" src=\"https:\/\/www.ancaetancheite.fr\/wp-content\/uploads\/2025\/01\/Design-sans-titre-11.png\" class=\"attachment-conbuild_blog-single size-conbuild_blog-single\" alt=\"Design sans titre (11)\" srcset=\"https:\/\/www.ancaetancheite.fr\/wp-content\/uploads\/2025\/01\/Design-sans-titre-11.png 785w, https:\/\/www.ancaetancheite.fr\/wp-content\/uploads\/2025\/01\/Design-sans-titre-11-300x182.png 300w, https:\/\/www.ancaetancheite.fr\/wp-content\/uploads\/2025\/01\/Design-sans-titre-11-768x465.png 768w\" sizes=\"(max-width: 785px) 100vw, 785px\" \/>\t\t\t\t\t\t\t\t\t\t<div class=\"portfolio-link\">\r\n\t\t\t\t\t\t<a href=\"https:\/\/www.ancaetancheite.fr\/index.php\/portfolios\/bac-acier\/\">\r\n\t\t\t\t\t\t\t<svg width=\"20\" height=\"20\" viewBox=\"0 0 20 20\" fill=\"none\" xmlns=\"http:\/\/www.w3.org\/2000\/svg\">\r\n\t\t\t\t\t\t\t\t<path d=\"M10 1L10 19M19 10.75L1 10.75\" stroke=\"white\" stroke-width=\"2\" stroke-linecap=\"round\"\/>\r\n\t\t\t\t\t\t\t<\/svg>\r\n\t\t\t\t\t\t<\/a>\r\n\t\t\t\t\t<\/div>\r\n\t\t\t\t\t\t\t\t\t\t<div class=\"img-overlay\"><\/div>\r\n                <\/div>\r\n                \r\n                <div class=\"portfolio-details\">\r\n                \t<p class=\"p-category\"> <a href=\"https:\/\/www.ancaetancheite.fr\/index.php\/portfolios-category\/bac-acier-bardage\/\" rel=\"tag\">Bac acier \/ Bardage<\/a><\/p>\r\n            \t\t            \t        <h4 class=\"p-title\">\r\n            \t            <a href=\"https:\/\/www.ancaetancheite.fr\/index.php\/portfolios\/bac-acier\/\">\r\n            \t                Bac acier            \t                            \t            <\/a>\r\n            \t        <\/h4>\r\n            \t                    <\/div>\r\n\t\t\t\t\t\t\t            <\/div>\r\n\t\t<\/div>\r\n\t\t\r\n\t\t\t\t\t<\/div>\n\t\t\t\t\t\t\t<div class=\"pagination-area\">\n\t\t\t\t\t<div class=\"nav-links\">\n\t\t\t\t\t\t<span aria-current=\"page\" class=\"page-numbers current\">1<\/span>\n<a class=\"page-numbers\" href=\"https:\/\/www.ancaetancheite.fr\/index.php\/wp-json\/wp\/v2\/pages\/121\/page\/2\/\">2<\/a>\n<a class=\"next page-numbers\" href=\"https:\/\/www.ancaetancheite.fr\/index.php\/wp-json\/wp\/v2\/pages\/121\/page\/2\/\">Next<\/a>\t\t\t\t\t<\/div>\n\t\t\t\t<\/div>\n\t\t\t\t\t<\/div>\n\t\t\t\t\t<\/div>\n\t\t\t\t<\/div>\n\t\t\t\t\t<\/div>\n\t\t\t\t<\/div>\n\t\t\t\t<\/div>\n\t\t","protected":false},"excerpt":{"rendered":"<p>Skyline Renovation ANCA ETANCHEITE &gt; Blog Renovation The Art of Buildings Renovation Building Blend Futures Renovation Quality in Every Details Etanch\u00e9it\u00e9 Etanch\u00e9it\u00e9 1 2 3 Next<\/p>\n","protected":false},"author":2,"featured_media":0,"parent":0,"menu_order":0,"comment_status":"closed","ping_status":"closed","template":"elementor_header_footer","meta":{"_monsterinsights_skip_tracking":false,"_monsterinsights_sitenote_active":false,"_monsterinsights_sitenote_note":"","_monsterinsights_sitenote_category":0,"footnotes":""},"class_list":["post-121","page","type-page","status-publish","hentry"],"aioseo_notices":[],"_links":{"self":[{"href":"https:\/\/www.ancaetancheite.fr\/index.php\/wp-json\/wp\/v2\/pages\/121","targetHints":{"allow":["GET"]}}],"collection":[{"href":"https:\/\/www.ancaetancheite.fr\/index.php\/wp-json\/wp\/v2\/pages"}],"about":[{"href":"https:\/\/www.ancaetancheite.fr\/index.php\/wp-json\/wp\/v2\/types\/page"}],"author":[{"embeddable":true,"href":"https:\/\/www.ancaetancheite.fr\/index.php\/wp-json\/wp\/v2\/users\/2"}],"replies":[{"embeddable":true,"href":"https:\/\/www.ancaetancheite.fr\/index.php\/wp-json\/wp\/v2\/comments?post=121"}],"version-history":[{"count":4,"href":"https:\/\/www.ancaetancheite.fr\/index.php\/wp-json\/wp\/v2\/pages\/121\/revisions"}],"predecessor-version":[{"id":17103,"href":"https:\/\/www.ancaetancheite.fr\/index.php\/wp-json\/wp\/v2\/pages\/121\/revisions\/17103"}],"wp:attachment":[{"href":"https:\/\/www.ancaetancheite.fr\/index.php\/wp-json\/wp\/v2\/media?parent=121"}],"curies":[{"name":"wp","href":"https:\/\/api.w.org\/{rel}","templated":true}]}}