{"id":17140,"date":"2025-05-27T23:32:26","date_gmt":"2025-05-27T21:32:26","guid":{"rendered":"https:\/\/www.ancaetancheite.fr\/?page_id=17140"},"modified":"2025-05-27T23:33:33","modified_gmt":"2025-05-27T21:33:33","slug":"mention-legales","status":"publish","type":"page","link":"https:\/\/www.ancaetancheite.fr\/index.php\/mention-legales\/","title":{"rendered":"Mention l\u00e9gales"},"content":{"rendered":"\t\t<div data-elementor-type=\"wp-page\" data-elementor-id=\"17140\" class=\"elementor elementor-17140\">\n\t\t\t\t<div class=\"no-position  elementor-element elementor-element-88b5870 e-flex e-con-boxed e-con e-parent\" data-id=\"88b5870\" data-element_type=\"container\">\n\t\t\t\t\t<div class=\"e-con-inner\">\n\t\t\t\t<div class=\"elementor-element elementor-element-6efe98d gsap-move-no elementor-widget elementor-widget-heading\" data-id=\"6efe98d\" data-element_type=\"widget\" data-widget_type=\"heading.default\">\n\t\t\t\t<div class=\"elementor-widget-container\">\n\t\t\t\t\t<h2 class=\"elementor-heading-title elementor-size-default\">Mentions l\u00e9gales<\/h2>\t\t\t\t<\/div>\n\t\t\t\t<\/div>\n\t\t\t\t\t<\/div>\n\t\t\t\t<\/div>\n\t\t<div class=\"no-position  elementor-element elementor-element-87930fb e-flex e-con-boxed e-con e-parent\" data-id=\"87930fb\" data-element_type=\"container\">\n\t\t\t\t\t<div class=\"e-con-inner\">\n\t\t\t\t<div class=\"elementor-element elementor-element-8fd0cff gsap-move-no elementor-widget elementor-widget-text-editor\" data-id=\"8fd0cff\" data-element_type=\"widget\" data-widget_type=\"text-editor.default\">\n\t\t\t\t<div class=\"elementor-widget-container\">\n\t\t\t\t\t\t\t\t\t<h3 data-start=\"258\" data-end=\"277\">\u00c9diteur du site<\/h3><p data-start=\"279\" data-end=\"671\"><strong data-start=\"279\" data-end=\"302\">Nom de l\u2019entreprise<\/strong> : Anca Etanch\u00e9it\u00e9<br data-start=\"328\" data-end=\"331\" \/><strong data-start=\"331\" data-end=\"350\">Forme juridique<\/strong> : SASU<br data-start=\"393\" data-end=\"396\" \/><strong data-start=\"396\" data-end=\"423\">Adresse du si\u00e8ge social<\/strong> : PAT LA PARDIEU, 28 RUE JEAN CLARET, 63000 CLERMONT-FERRAND<br data-start=\"448\" data-end=\"451\" \/><strong data-start=\"451\" data-end=\"464\">T\u00e9l\u00e9phone<\/strong> :\u00a0<a href=\"https:\/\/www.google.com\/search?q=ANCA+ETANCHEITE&amp;stick=H4sIAAAAAAAA_-NgU1I1qLBINkwxTE4ytUgxMDRPMk2yMqiwTDNJSks1MUlNtbS0SDEyWcTK7-jn7KjgGgKkPFw9Q1wBKmXGxzsAAAA&amp;hl=fr&amp;mat=CUnXw_3JHO1MElYBYJahaZrKiaHTjEFu2sXmnJMR2_A95v2r7eaK1nsbGnzlstg5uoi2sefFLCebECAM9NmeAZ2PzYJbys50-tZYqLzb15V15swhyuxwcZAz1Qc0cD1zBw&amp;authuser=0#\" data-dtype=\"d3ph\" data-local-attribute=\"d3ph\" data-ved=\"2ahUKEwjjobHc6byNAxWsTKQEHYSJDVsQkAgoAHoECEAQAw\"><span aria-label=\"Appeler le 07 84 64 46 86\">07 84 64 46 86<\/span><\/a><br data-start=\"492\" data-end=\"495\" \/><strong data-start=\"495\" data-end=\"505\">E-mail<\/strong> : contact@ancaetancheite.fr<br data-start=\"544\" data-end=\"547\" \/><strong data-start=\"547\" data-end=\"556\">SIRET<\/strong> : 93418000100018<br data-start=\"573\" data-end=\"576\" \/><strong data-start=\"576\" data-end=\"590\">Num\u00e9ro RCS<\/strong> : 934 180 001 R.C.S. Clermont-ferrand<br data-start=\"613\" data-end=\"616\" \/><strong data-start=\"616\" data-end=\"649\">Responsable de la publication<\/strong> : M. UCTEP Yavuz<\/p><hr data-start=\"673\" data-end=\"676\" \/><h3 data-start=\"678\" data-end=\"693\">H\u00e9bergement<\/h3><p data-start=\"695\" data-end=\"898\"><strong data-start=\"695\" data-end=\"708\">H\u00e9bergeur<\/strong> : OVH<br data-start=\"767\" data-end=\"770\" \/><strong data-start=\"770\" data-end=\"781\">Adresse<\/strong> : \u00a02 rue Kellermann &#8211; 59100 Roubaix &#8211; France<br data-start=\"850\" data-end=\"853\" \/><strong data-start=\"853\" data-end=\"865\">Site web<\/strong> : www.ovhcloud.com<\/p><hr data-start=\"900\" data-end=\"903\" \/><h3 data-start=\"905\" data-end=\"933\">Propri\u00e9t\u00e9 intellectuelle<\/h3><p data-start=\"935\" data-end=\"1360\">L\u2019ensemble des contenus (textes, images, logos, vid\u00e9os, etc.) pr\u00e9sents sur ce site sont la propri\u00e9t\u00e9 exclusive de Anca Etancheite, sauf mention contraire. Toute reproduction, distribution, modification ou utilisation, m\u00eame partielle, sans autorisation \u00e9crite pr\u00e9alable, est strictement interdite et constitue une contrefa\u00e7on sanctionn\u00e9e par les articles L.335-2 et suivants du Code de la propri\u00e9t\u00e9 intellectuelle.<\/p><hr data-start=\"1362\" data-end=\"1365\" \/><h3 data-start=\"1367\" data-end=\"1391\">Donn\u00e9es personnelles<\/h3><p data-start=\"1393\" data-end=\"1766\">Les donn\u00e9es collect\u00e9es via les formulaires de contact (nom, e-mail, t\u00e9l\u00e9phone, etc.) sont strictement confidentielles et utilis\u00e9es uniquement pour vous r\u00e9pondre. Conform\u00e9ment \u00e0 la loi \u00ab\u00a0Informatique et Libert\u00e9s\u00a0\u00bb et au RGPD, vous disposez d\u2019un droit d\u2019acc\u00e8s, de rectification et de suppression de vos donn\u00e9es.<br data-start=\"1700\" data-end=\"1703\" \/>Pour exercer ce droit, contactez-nous \u00e0 :contact@ancaetancheite.fr.<\/p>\t\t\t\t\t\t\t\t<\/div>\n\t\t\t\t<\/div>\n\t\t\t\t\t<\/div>\n\t\t\t\t<\/div>\n\t\t\t\t<\/div>\n\t\t","protected":false},"excerpt":{"rendered":"<p>Mentions l\u00e9gales \u00c9diteur du site Nom de l\u2019entreprise : Anca Etanch\u00e9it\u00e9Forme juridique : SASUAdresse du si\u00e8ge social : PAT LA PARDIEU, 28 RUE JEAN CLARET, 63000 CLERMONT-FERRANDT\u00e9l\u00e9phone :\u00a007 84 64 46 86E-mail : contact@ancaetancheite.frSIRET : 93418000100018Num\u00e9ro RCS : 934 180 001 R.C.S. Clermont-ferrandResponsable de la publication : M. UCTEP Yavuz H\u00e9bergement H\u00e9bergeur : OVHAdresse :&#8230;<\/p>\n","protected":false},"author":2,"featured_media":0,"parent":0,"menu_order":0,"comment_status":"closed","ping_status":"closed","template":"","meta":{"_monsterinsights_skip_tracking":false,"_monsterinsights_sitenote_active":false,"_monsterinsights_sitenote_note":"","_monsterinsights_sitenote_category":0,"footnotes":""},"class_list":["post-17140","page","type-page","status-publish","hentry"],"aioseo_notices":[],"_links":{"self":[{"href":"https:\/\/www.ancaetancheite.fr\/index.php\/wp-json\/wp\/v2\/pages\/17140","targetHints":{"allow":["GET"]}}],"collection":[{"href":"https:\/\/www.ancaetancheite.fr\/index.php\/wp-json\/wp\/v2\/pages"}],"about":[{"href":"https:\/\/www.ancaetancheite.fr\/index.php\/wp-json\/wp\/v2\/types\/page"}],"author":[{"embeddable":true,"href":"https:\/\/www.ancaetancheite.fr\/index.php\/wp-json\/wp\/v2\/users\/2"}],"replies":[{"embeddable":true,"href":"https:\/\/www.ancaetancheite.fr\/index.php\/wp-json\/wp\/v2\/comments?post=17140"}],"version-history":[{"count":4,"href":"https:\/\/www.ancaetancheite.fr\/index.php\/wp-json\/wp\/v2\/pages\/17140\/revisions"}],"predecessor-version":[{"id":17145,"href":"https:\/\/www.ancaetancheite.fr\/index.php\/wp-json\/wp\/v2\/pages\/17140\/revisions\/17145"}],"wp:attachment":[{"href":"https:\/\/www.ancaetancheite.fr\/index.php\/wp-json\/wp\/v2\/media?parent=17140"}],"curies":[{"name":"wp","href":"https:\/\/api.w.org\/{rel}","templated":true}]}}