{"id":17147,"date":"2025-05-27T23:36:48","date_gmt":"2025-05-27T21:36:48","guid":{"rendered":"https:\/\/www.ancaetancheite.fr\/?page_id=17147"},"modified":"2025-05-27T23:40:36","modified_gmt":"2025-05-27T21:40:36","slug":"politique-de-confidentialite-2","status":"publish","type":"page","link":"https:\/\/www.ancaetancheite.fr\/index.php\/politique-de-confidentialite-2\/","title":{"rendered":"Politique de confidentialit\u00e9"},"content":{"rendered":"\t\t<div data-elementor-type=\"wp-page\" data-elementor-id=\"17147\" class=\"elementor elementor-17147\">\n\t\t\t\t<div class=\"no-position  elementor-element elementor-element-9ec1968 e-flex e-con-boxed e-con e-parent\" data-id=\"9ec1968\" data-element_type=\"container\">\n\t\t\t\t\t<div class=\"e-con-inner\">\n\t\t\t\t<div class=\"elementor-element elementor-element-b011173 gsap-move-no elementor-widget elementor-widget-heading\" data-id=\"b011173\" data-element_type=\"widget\" data-widget_type=\"heading.default\">\n\t\t\t\t<div class=\"elementor-widget-container\">\n\t\t\t\t\t<h2 class=\"elementor-heading-title elementor-size-default\">Politique de confidentialit\u00e9<\/h2>\t\t\t\t<\/div>\n\t\t\t\t<\/div>\n\t\t\t\t\t<\/div>\n\t\t\t\t<\/div>\n\t\t<div class=\"no-position  elementor-element elementor-element-6c0285d e-flex e-con-boxed e-con e-parent\" data-id=\"6c0285d\" data-element_type=\"container\">\n\t\t\t\t\t<div class=\"e-con-inner\">\n\t\t\t\t<div class=\"elementor-element elementor-element-b1f15cc gsap-move-no elementor-widget elementor-widget-text-editor\" data-id=\"b1f15cc\" data-element_type=\"widget\" data-widget_type=\"text-editor.default\">\n\t\t\t\t<div class=\"elementor-widget-container\">\n\t\t\t\t\t\t\t\t\t<p data-start=\"235\" data-end=\"560\">Chez\u00a0 Anca Etanch\u00e9it\u00e9,\u00a0la protection de vos donn\u00e9es personnelles est une priorit\u00e9. Cette politique de confidentialit\u00e9 a pour but de vous informer sur la mani\u00e8re dont nous collectons, utilisons, stockons et prot\u00e9geons vos donn\u00e9es personnelles, conform\u00e9ment au R\u00e8glement G\u00e9n\u00e9ral sur la Protection des Donn\u00e9es (RGPD).<\/p><hr data-start=\"562\" data-end=\"565\" \/><h3 data-start=\"567\" data-end=\"599\">1. Responsable du traitement<\/h3><p data-start=\"601\" data-end=\"770\"><strong data-start=\"601\" data-end=\"624\">Nom de l\u2019entreprise<\/strong> : Anca Etanch\u00e9it\u00e9<br data-start=\"685\" data-end=\"688\" \/><strong data-start=\"688\" data-end=\"697\">Email<\/strong> :contact@ancaetancheite.fr<br data-start=\"726\" data-end=\"729\" \/><br \/><\/p><hr data-start=\"772\" data-end=\"775\" \/><h3 data-start=\"777\" data-end=\"802\">2. Donn\u00e9es collect\u00e9es<\/h3><p data-start=\"804\" data-end=\"935\">Nous collectons uniquement les donn\u00e9es strictement n\u00e9cessaires \u00e0 nos \u00e9changes, via notre formulaire de contact ou lors d\u2019un devis :<\/p><ul data-start=\"937\" data-end=\"1027\"><li data-start=\"937\" data-end=\"954\"><p data-start=\"939\" data-end=\"954\">Nom et pr\u00e9nom<\/p><\/li><li data-start=\"937\" data-end=\"954\"><p data-start=\"939\" data-end=\"954\">Adresse e-mail<\/p><\/li><li data-start=\"974\" data-end=\"997\"><p data-start=\"976\" data-end=\"997\">Num\u00e9ro de t\u00e9l\u00e9phone<\/p><\/li><li data-start=\"998\" data-end=\"1027\"><p data-start=\"1000\" data-end=\"1027\">Message ou demande formul\u00e9e<\/p><\/li><\/ul><p data-start=\"1029\" data-end=\"1080\">Aucune donn\u00e9e sensible n\u2019est collect\u00e9e sur ce site.<\/p><hr data-start=\"1082\" data-end=\"1085\" \/><h3 data-start=\"1087\" data-end=\"1116\">3. Finalit\u00e9 du traitement<\/h3><p data-start=\"1118\" data-end=\"1189\">Les donn\u00e9es personnelles sont collect\u00e9es pour les finalit\u00e9s suivantes :<\/p><ul data-start=\"1191\" data-end=\"1345\"><li data-start=\"1191\" data-end=\"1239\"><p data-start=\"1193\" data-end=\"1239\">R\u00e9pondre \u00e0 vos demandes de contact ou de devis<\/p><\/li><li data-start=\"1240\" data-end=\"1288\"><p data-start=\"1242\" data-end=\"1288\">Vous fournir des informations sur nos services<\/p><\/li><li data-start=\"1289\" data-end=\"1345\"><p data-start=\"1291\" data-end=\"1345\">Assurer un suivi commercial en lien avec votre demande<\/p><\/li><\/ul><hr data-start=\"1347\" data-end=\"1350\" \/><h3 data-start=\"1352\" data-end=\"1380\">4. Dur\u00e9e de conservation<\/h3><p data-start=\"1382\" data-end=\"1513\">Les donn\u00e9es sont conserv\u00e9es pendant une dur\u00e9e maximale de <strong data-start=\"1440\" data-end=\"1449\">3 ans<\/strong> \u00e0 compter du dernier contact, sauf obligation l\u00e9gale contraire.<\/p><hr data-start=\"1515\" data-end=\"1518\" \/><h3 data-start=\"1520\" data-end=\"1546\">5. Partage des donn\u00e9es<\/h3><p data-start=\"1548\" data-end=\"1734\">Vos donn\u00e9es ne sont <strong data-start=\"1568\" data-end=\"1602\">jamais revendues ni transmises<\/strong> \u00e0 des tiers. Elles sont uniquement accessibles par les personnes habilit\u00e9es au sein de notre entreprise pour traiter votre demande.<\/p><hr data-start=\"1736\" data-end=\"1739\" \/><h3 data-start=\"1741\" data-end=\"1756\">6. S\u00e9curit\u00e9<\/h3><p data-start=\"1758\" data-end=\"1924\">Nous mettons en \u0153uvre toutes les mesures techniques et organisationnelles n\u00e9cessaires pour prot\u00e9ger vos donn\u00e9es contre toute perte, acc\u00e8s non autoris\u00e9 ou divulgation.<\/p><hr data-start=\"1926\" data-end=\"1929\" \/><h3 data-start=\"1931\" data-end=\"1948\">7. Vos droits<\/h3><p data-start=\"1950\" data-end=\"2007\">Conform\u00e9ment au RGPD, vous disposez des droits suivants :<\/p><ul data-start=\"2009\" data-end=\"2161\"><li data-start=\"2009\" data-end=\"2038\"><p data-start=\"2011\" data-end=\"2038\">Droit d\u2019acc\u00e8s \u00e0 vos donn\u00e9es<\/p><\/li><li data-start=\"2039\" data-end=\"2063\"><p data-start=\"2041\" data-end=\"2063\">Droit de rectification<\/p><\/li><li data-start=\"2064\" data-end=\"2084\"><p data-start=\"2066\" data-end=\"2084\">Droit d\u2019effacement<\/p><\/li><li data-start=\"2085\" data-end=\"2136\"><p data-start=\"2087\" data-end=\"2136\">Droit d\u2019opposition et de limitation du traitement<\/p><\/li><li data-start=\"2137\" data-end=\"2161\"><p data-start=\"2139\" data-end=\"2161\">Droit \u00e0 la portabilit\u00e9<\/p><\/li><\/ul><p data-start=\"2163\" data-end=\"2240\">Pour exercer ces droits, vous pouvez nous contacter \u00e0 : contact@ancaetancheite.fr.<\/p><hr data-start=\"2242\" data-end=\"2245\" \/><h3 data-start=\"2247\" data-end=\"2261\">8. Cookies<\/h3><p data-start=\"2263\" data-end=\"2433\">Le site peut utiliser des cookies pour am\u00e9liorer votre navigation ou analyser l\u2019audience. Vous pouvez param\u00e9trer votre navigateur pour refuser tout ou partie des cookies.<\/p><hr data-start=\"2435\" data-end=\"2438\" \/><h3 data-start=\"2440\" data-end=\"2454\">9. Contact<\/h3><p data-start=\"2456\" data-end=\"2648\">Pour toute question relative \u00e0 cette politique de confidentialit\u00e9 ou \u00e0 vos donn\u00e9es personnelles, vous pouvez nous contacter \u00e0 :<br data-start=\"2583\" data-end=\"2586\" \/>contact@ancaetancheite.fr<\/p>\t\t\t\t\t\t\t\t<\/div>\n\t\t\t\t<\/div>\n\t\t\t\t\t<\/div>\n\t\t\t\t<\/div>\n\t\t\t\t<\/div>\n\t\t","protected":false},"excerpt":{"rendered":"<p>Politique de confidentialit\u00e9 Chez\u00a0 Anca Etanch\u00e9it\u00e9,\u00a0la protection de vos donn\u00e9es personnelles est une priorit\u00e9. Cette politique de confidentialit\u00e9 a pour but de vous informer sur la mani\u00e8re dont nous collectons, utilisons, stockons et prot\u00e9geons vos donn\u00e9es personnelles, conform\u00e9ment au R\u00e8glement G\u00e9n\u00e9ral sur la Protection des Donn\u00e9es (RGPD). 1. Responsable du traitement Nom de l\u2019entreprise :&#8230;<\/p>\n","protected":false},"author":2,"featured_media":0,"parent":0,"menu_order":0,"comment_status":"closed","ping_status":"closed","template":"","meta":{"_monsterinsights_skip_tracking":false,"_monsterinsights_sitenote_active":false,"_monsterinsights_sitenote_note":"","_monsterinsights_sitenote_category":0,"footnotes":""},"class_list":["post-17147","page","type-page","status-publish","hentry"],"aioseo_notices":[],"_links":{"self":[{"href":"https:\/\/www.ancaetancheite.fr\/index.php\/wp-json\/wp\/v2\/pages\/17147","targetHints":{"allow":["GET"]}}],"collection":[{"href":"https:\/\/www.ancaetancheite.fr\/index.php\/wp-json\/wp\/v2\/pages"}],"about":[{"href":"https:\/\/www.ancaetancheite.fr\/index.php\/wp-json\/wp\/v2\/types\/page"}],"author":[{"embeddable":true,"href":"https:\/\/www.ancaetancheite.fr\/index.php\/wp-json\/wp\/v2\/users\/2"}],"replies":[{"embeddable":true,"href":"https:\/\/www.ancaetancheite.fr\/index.php\/wp-json\/wp\/v2\/comments?post=17147"}],"version-history":[{"count":4,"href":"https:\/\/www.ancaetancheite.fr\/index.php\/wp-json\/wp\/v2\/pages\/17147\/revisions"}],"predecessor-version":[{"id":17151,"href":"https:\/\/www.ancaetancheite.fr\/index.php\/wp-json\/wp\/v2\/pages\/17147\/revisions\/17151"}],"wp:attachment":[{"href":"https:\/\/www.ancaetancheite.fr\/index.php\/wp-json\/wp\/v2\/media?parent=17147"}],"curies":[{"name":"wp","href":"https:\/\/api.w.org\/{rel}","templated":true}]}}